{"id":2,"date":"2024-06-20T15:36:49","date_gmt":"2024-06-20T15:36:49","guid":{"rendered":"https:\/\/arbudi.com\/tunis\/?page_id=2"},"modified":"2024-07-08T22:23:13","modified_gmt":"2024-07-08T22:23:13","slug":"index","status":"publish","type":"page","link":"https:\/\/arbudi.com\/tunis\/","title":{"rendered":"Main"},"content":{"rendered":"<p><div class=\"fusion-fullwidth fullwidth-box fusion-builder-row-1 fusion-flex-container has-pattern-background has-mask-background fusion-parallax-none nonhundred-percent-fullwidth non-hundred-percent-height-scrolling lazyload\" style=\"background-color: rgba(255,255,255,0);background-image:linear-gradient(180deg, rgba(34,34,78,0.8) 0%,rgba(255,255,255,0) 100%);background-position: center center;background-repeat: no-repeat;border-width: 0px 0px 0px 0px;border-color:#eae9e9;border-style:solid;-webkit-background-size:cover;-moz-background-size:cover;-o-background-size:cover;background-size:cover;\" data-bg=\"https:\/\/arbudi.com\/tunis\/wp-content\/uploads\/sites\/12\/2024\/07\/Vue_de_Tunis.jpg\" data-bg-gradient=\"linear-gradient(180deg, rgba(34,34,78,0.8) 0%,rgba(255,255,255,0) 100%)\" ><div class=\"fusion-builder-row fusion-row fusion-flex-align-items-flex-start\" style=\"max-width:1352px;margin-left: calc(-4% \/ 2 );margin-right: calc(-4% \/ 2 );\"><div class=\"fusion-layout-column fusion_builder_column fusion-builder-column-0 fusion_builder_column_1_1 1_1 fusion-flex-column\"><div class=\"fusion-column-wrapper fusion-flex-justify-content-flex-start fusion-content-layout-column\" style=\"background-position:left top;background-repeat:no-repeat;-webkit-background-size:cover;-moz-background-size:cover;-o-background-size:cover;background-size:cover;padding: 0px 0px 0px 0px;\"><style type=\"text\/css\">@media only screen and (max-width:1024px) {.fusion-title.fusion-title-1{margin-top:15px!important; margin-right:!important;margin-bottom:15px!important;margin-left:!important;}}@media only screen and (max-width:640px) {.fusion-title.fusion-title-1{margin-top:10px!important; margin-right:!important;margin-bottom:10px!important; margin-left:!important;}}<\/style><div class=\"fusion-title title fusion-title-1 fusion-sep-none fusion-title-center fusion-title-text fusion-title-size-one\" style=\"font-size:38px;margin-top:15px;margin-bottom:15px;\"><h1 class=\"title-heading-center\" style=\"font-family:&quot;Montserrat&quot;;font-weight:700;margin:0;font-size:1em;color:#f2f2f2;\">Tunis<\/h1><\/div><div class=\"fusion-text fusion-text-1\" style=\"text-align:center;font-size:32px;color:#f2f2f2;\"><p>site de la ville<\/p>\n<\/div><\/div><style type=\"text\/css\">.fusion-body .fusion-builder-column-0{width:100% !important;margin-top : 15px;margin-bottom : 15px;}.fusion-builder-column-0 > .fusion-column-wrapper {padding-top : 0px !important;padding-right : 0px !important;margin-right : 1.92%;padding-bottom : 0px !important;padding-left : 0px !important;margin-left : 1.92%;}@media only screen and (max-width:1024px) {.fusion-body .fusion-builder-column-0{width:100% !important;order : 0;}.fusion-builder-column-0 > .fusion-column-wrapper {margin-right : 1.92%;margin-left : 1.92%;}}@media only screen and (max-width:640px) {.fusion-body .fusion-builder-column-0{width:100% !important;order : 0;}.fusion-builder-column-0 > .fusion-column-wrapper {margin-right : 1.92%;margin-left : 1.92%;}}<\/style><\/div><\/div><style type=\"text\/css\">.fusion-body .fusion-flex-container.fusion-builder-row-1{ padding-top : 150px;margin-top : 0px;padding-right : 0px;padding-bottom : 100px;margin-bottom : 0px;padding-left : 0px;}<\/style><\/div><div class=\"fusion-fullwidth fullwidth-box fusion-builder-row-2 fusion-flex-container has-pattern-background has-mask-background nonhundred-percent-fullwidth non-hundred-percent-height-scrolling\" style=\"background-color: rgba(255,255,255,0);background-position: center center;background-repeat: no-repeat;border-width: 0px 0px 0px 0px;border-color:#eae9e9;border-style:solid;\" ><div class=\"fusion-builder-row fusion-row fusion-flex-align-items-flex-start\" style=\"max-width:1352px;margin-left: calc(-4% \/ 2 );margin-right: calc(-4% \/ 2 );\"><div class=\"fusion-layout-column fusion_builder_column fusion-builder-column-1 fusion_builder_column_1_1 1_1 fusion-flex-column\"><div class=\"fusion-column-wrapper fusion-flex-justify-content-flex-start fusion-content-layout-column\" style=\"background-position:left top;background-repeat:no-repeat;-webkit-background-size:cover;-moz-background-size:cover;-o-background-size:cover;background-size:cover;padding: 0px 0px 0px 0px;\"><div class=\"fusion-text fusion-text-2\"><p>Tunis est la ville la plus peupl\u00e9e et la capitale de la Tunisie. Elle est aussi le chef-lieu du gouvernorat du m\u00eame nom depuis sa cr\u00e9ation en 1956. Situ\u00e9e au nord du pays, au fond du golfe de Tunis dont elle est s\u00e9par\u00e9e par le lac de Tunis, la cit\u00e9 s&#8217;\u00e9tend sur la plaine c\u00f4ti\u00e8re et les collines avoisinantes. Son c\u0153ur historique est la m\u00e9dina, inscrite au patrimoine mondial de l&#8217;Unesco.<\/p>\n<p>Bourgade modeste plac\u00e9e dans l&#8217;ombre de Carthage, Kairouan puis Mahdia, elle est finalement d\u00e9sign\u00e9e comme capitale le 20 septembre 1159 (5 ramadan 554 du calendrier musulman), sous l&#8217;impulsion des Almohades, puis confirm\u00e9e dans son statut sous la dynastie des Hafsides en 1228 et \u00e0 l&#8217;ind\u00e9pendance du pays le 20 mars 1956.<\/p>\n<p>Tunis est la capitale \u00e9conomique et commerciale de la Tunisie. La densit\u00e9 de son r\u00e9seau routier, autoroutier et sa structure a\u00e9roportuaire en font un point de convergence pour les transports nationaux. Cette situation est issue d&#8217;une longue \u00e9volution, en particulier des conceptions centralisatrices qui donnent un r\u00f4le consid\u00e9rable \u00e0 la capitale et tendent \u00e0 y concentrer \u00e0 l&#8217;extr\u00eame les institutions.<\/p>\n<p>En 2014, la population de la municipalit\u00e9 de Tunis intra-muros est de 638 845 habitants d&#8217;apr\u00e8s le recensement de l&#8217;Institut national de la statistique2. N\u00e9anmoins, depuis le xxe si\u00e8cle, l&#8217;agglom\u00e9ration s&#8217;est largement d\u00e9velopp\u00e9e hors des limites de la municipalit\u00e9, s&#8217;\u00e9tendant sur quatre gouvernorats, Tunis, l&#8217;Ariana, Ben Arous et La Manouba. Le Grand Tunis compte 2 643 695 habitants en 2014, soit environ 14 % de la population du pays.<\/p>\n<\/div><\/div><style type=\"text\/css\">.fusion-body .fusion-builder-column-1{width:100% !important;margin-top : 15px;margin-bottom : 15px;}.fusion-builder-column-1 > .fusion-column-wrapper {padding-top : 0px !important;padding-right : 0px !important;margin-right : 1.92%;padding-bottom : 0px !important;padding-left : 0px !important;margin-left : 1.92%;}@media only screen and (max-width:1024px) {.fusion-body .fusion-builder-column-1{width:100% !important;order : 0;}.fusion-builder-column-1 > .fusion-column-wrapper {margin-right : 1.92%;margin-left : 1.92%;}}@media only screen and (max-width:640px) {.fusion-body .fusion-builder-column-1{width:100% !important;order : 0;}.fusion-builder-column-1 > .fusion-column-wrapper {margin-right : 1.92%;margin-left : 1.92%;}}<\/style><\/div><\/div><style type=\"text\/css\">.fusion-body .fusion-flex-container.fusion-builder-row-2{ padding-top : 0px;margin-top : 30px;padding-right : 0px;padding-bottom : 0px;margin-bottom : 0px;padding-left : 0px;}<\/style><\/div><\/p>\n","protected":false},"excerpt":{"rendered":"","protected":false},"author":1,"featured_media":0,"parent":0,"menu_order":0,"comment_status":"closed","ping_status":"closed","template":"100-width.php","meta":{"_acf_changed":false,"footnotes":""},"acf":[],"_links":{"self":[{"href":"https:\/\/arbudi.com\/tunis\/wp-json\/wp\/v2\/pages\/2"}],"collection":[{"href":"https:\/\/arbudi.com\/tunis\/wp-json\/wp\/v2\/pages"}],"about":[{"href":"https:\/\/arbudi.com\/tunis\/wp-json\/wp\/v2\/types\/page"}],"author":[{"embeddable":true,"href":"https:\/\/arbudi.com\/tunis\/wp-json\/wp\/v2\/users\/1"}],"replies":[{"embeddable":true,"href":"https:\/\/arbudi.com\/tunis\/wp-json\/wp\/v2\/comments?post=2"}],"version-history":[{"count":5,"href":"https:\/\/arbudi.com\/tunis\/wp-json\/wp\/v2\/pages\/2\/revisions"}],"predecessor-version":[{"id":8422,"href":"https:\/\/arbudi.com\/tunis\/wp-json\/wp\/v2\/pages\/2\/revisions\/8422"}],"wp:attachment":[{"href":"https:\/\/arbudi.com\/tunis\/wp-json\/wp\/v2\/media?parent=2"}],"curies":[{"name":"wp","href":"https:\/\/api.w.org\/{rel}","templated":true}]}}